{"id":838,"date":"2018-08-17T09:37:41","date_gmt":"2018-08-17T09:37:41","guid":{"rendered":"https:\/\/mitronasengineering.com\/?page_id=838"},"modified":"2018-08-17T09:37:41","modified_gmt":"2018-08-17T09:37:41","slug":"bruenieren","status":"publish","type":"page","link":"https:\/\/mitronasengineering.com\/de\/bruenieren\/","title":{"rendered":"Br\u00fcnieren"},"content":{"rendered":"<p>[vc_row css_animation=&#8220;&#8220; row_type=&#8220;row&#8220; use_row_as_full_screen_section=&#8220;no&#8220; type=&#8220;grid&#8220; angled_section=&#8220;no&#8220; text_align=&#8220;left&#8220; background_image_as_pattern=&#8220;without_pattern&#8220; css=&#8220;.vc_custom_1530098943241{padding-top: 90px !important;padding-bottom: 90px !important;}&#8220; z_index=&#8220;&#8220;][vc_column offset=&#8220;vc_col-lg-offset-0 vc_col-lg-6 vc_col-md-offset-2 vc_col-md-8&#8243;][vc_column_text]<\/p>\n<p class=\"p1\"><strong><span class=\"s1\">Br\u00fcnieren<\/span><\/strong><span class=\"s2\"><strong> \u2013 Oxidierung<\/strong>. Bei diesem Verfahren wird auf der Stahloberfl\u00e4che eine Oxidschicht erzeugt<\/span><span class=\"s3\">. Die Oxidierung wird auch Br\u00fcnieren genannt, weil das Erzeugnis schwarzblau wird. Das Br\u00fcnieren ist die Oxidation der Stahloberfl\u00e4che bei hoher Temperatur, dadurch werden die Korrosionsbest\u00e4ndigkeit und teilweise die mechanische Best\u00e4ndigkeit der Teile erh\u00f6ht. Dieses Verfahren wird als Endbearbeitung in der Fertigung von Maschinen- bzw. Anlagenteilen verwendet. Die Teile bekommen eine sch\u00f6ne schwarze Farbe von \u00fcblich schwarz bis schwarzbraun, je nach dem Typ des Stahls.<\/span><\/p>\n<p>[\/vc_column_text][vc_empty_space height=&#8220;45px&#8220;][\/vc_column][vc_column offset=&#8220;vc_col-lg-offset-0 vc_col-lg-6 vc_col-md-offset-2 vc_col-md-8&#8243;][vc_single_image image=&#8220;364&#8243; img_size=&#8220;full&#8220; onclick=&#8220;link_image&#8220; qode_css_animation=&#8220;&#8220; qode_hover_animation=&#8220;zoom_in&#8220;][vc_empty_space][vc_column_text]<\/p>\n<h6>Lorem ipsum dolor sit<\/h6>\n<p>[\/vc_column_text][\/vc_column][\/vc_row]<\/p>\n","protected":false},"excerpt":{"rendered":"<p>[vc_row css_animation=&#8220;&#8220; row_type=&#8220;row&#8220; use_row_as_full_screen_section=&#8220;no&#8220; type=&#8220;grid&#8220; angled_section=&#8220;no&#8220; text_align=&#8220;left&#8220; background_image_as_pattern=&#8220;without_pattern&#8220; css=&#8220;.vc_custom_1530098943241{padding-top: 90px !important;padding-bottom: 90px !important;}&#8220; z_index=&#8220;&#8220;][vc_column offset=&#8220;vc_col-lg-offset-0 vc_col-lg-6 vc_col-md-offset-2 vc_col-md-8&#8243;][vc_column_text] Br\u00fcnieren \u2013 Oxidierung. Bei diesem Verfahren wird auf der Stahloberfl\u00e4che eine Oxidschicht erzeugt. Die Oxidierung wird auch Br\u00fcnieren genannt, weil das Erzeugnis schwarzblau wird. Das Br\u00fcnieren ist&#8230;<\/p>\n","protected":false},"author":1,"featured_media":0,"parent":0,"menu_order":0,"comment_status":"closed","ping_status":"closed","template":"full_width.php","meta":[],"_links":{"self":[{"href":"https:\/\/mitronasengineering.com\/de\/wp-json\/wp\/v2\/pages\/838"}],"collection":[{"href":"https:\/\/mitronasengineering.com\/de\/wp-json\/wp\/v2\/pages"}],"about":[{"href":"https:\/\/mitronasengineering.com\/de\/wp-json\/wp\/v2\/types\/page"}],"author":[{"embeddable":true,"href":"https:\/\/mitronasengineering.com\/de\/wp-json\/wp\/v2\/users\/1"}],"replies":[{"embeddable":true,"href":"https:\/\/mitronasengineering.com\/de\/wp-json\/wp\/v2\/comments?post=838"}],"version-history":[{"count":1,"href":"https:\/\/mitronasengineering.com\/de\/wp-json\/wp\/v2\/pages\/838\/revisions"}],"predecessor-version":[{"id":839,"href":"https:\/\/mitronasengineering.com\/de\/wp-json\/wp\/v2\/pages\/838\/revisions\/839"}],"wp:attachment":[{"href":"https:\/\/mitronasengineering.com\/de\/wp-json\/wp\/v2\/media?parent=838"}],"curies":[{"name":"wp","href":"https:\/\/api.w.org\/{rel}","templated":true}]}}