{"id":836,"date":"2018-08-17T09:36:53","date_gmt":"2018-08-17T09:36:53","guid":{"rendered":"https:\/\/mitronasengineering.com\/?page_id=836"},"modified":"2018-08-17T09:36:53","modified_gmt":"2018-08-17T09:36:53","slug":"verzinken","status":"publish","type":"page","link":"https:\/\/mitronasengineering.com\/de\/verzinken\/","title":{"rendered":"Verzinken"},"content":{"rendered":"<p>[vc_row css_animation=&#8220;&#8220; row_type=&#8220;row&#8220; use_row_as_full_screen_section=&#8220;no&#8220; type=&#8220;grid&#8220; angled_section=&#8220;no&#8220; text_align=&#8220;left&#8220; background_image_as_pattern=&#8220;without_pattern&#8220; css=&#8220;.vc_custom_1530098943241{padding-top: 90px !important;padding-bottom: 90px !important;}&#8220; z_index=&#8220;&#8220;][vc_column offset=&#8220;vc_col-lg-offset-0 vc_col-lg-6 vc_col-md-offset-2 vc_col-md-8&#8243;][vc_column_text]<\/p>\n<p class=\"p1\"><span class=\"s1\">*<i>Blau.<\/i> Gl\u00e4nzende blaue Oberfl\u00e4che. Perfekte dekorative Eigenschaften und 2 bis 3 Male h\u00f6here Korrosionsbest\u00e4ndigkeit im Vergleich zur \u00fcblichen wei\u00dfen Zinkschicht.<\/span><\/p>\n<p class=\"p1\"><span class=\"s1\"><span class=\"Apple-converted-space\">\u00a0 \u00a0 <\/span><\/span><\/p>\n<p class=\"p1\"><span class=\"s1\">*<i>Irisieren gelb.<\/i> Irisierend gelbe Oberfl\u00e4che. 2 bis 3 Male h\u00f6here Korrosionsbest\u00e4ndigkeit im Vergleich zur \u00fcblichen Zinkschicht.<\/span><\/p>\n<p>[\/vc_column_text][vc_empty_space height=&#8220;45px&#8220;][\/vc_column][vc_column offset=&#8220;vc_col-lg-offset-0 vc_col-lg-6 vc_col-md-offset-2 vc_col-md-8&#8243;][vc_single_image image=&#8220;364&#8243; img_size=&#8220;full&#8220; onclick=&#8220;link_image&#8220; qode_css_animation=&#8220;&#8220; qode_hover_animation=&#8220;zoom_in&#8220;][vc_empty_space][vc_column_text]<\/p>\n<h6>Lorem ipsum dolor sit<\/h6>\n<p>[\/vc_column_text][\/vc_column][\/vc_row]<\/p>\n","protected":false},"excerpt":{"rendered":"<p>[vc_row css_animation=&#8220;&#8220; row_type=&#8220;row&#8220; use_row_as_full_screen_section=&#8220;no&#8220; type=&#8220;grid&#8220; angled_section=&#8220;no&#8220; text_align=&#8220;left&#8220; background_image_as_pattern=&#8220;without_pattern&#8220; css=&#8220;.vc_custom_1530098943241{padding-top: 90px !important;padding-bottom: 90px !important;}&#8220; z_index=&#8220;&#8220;][vc_column offset=&#8220;vc_col-lg-offset-0 vc_col-lg-6 vc_col-md-offset-2 vc_col-md-8&#8243;][vc_column_text] *Blau. Gl\u00e4nzende blaue Oberfl\u00e4che. Perfekte dekorative Eigenschaften und 2 bis 3 Male h\u00f6here Korrosionsbest\u00e4ndigkeit im Vergleich zur \u00fcblichen wei\u00dfen Zinkschicht. \u00a0 \u00a0 *Irisieren gelb. Irisierend gelbe Oberfl\u00e4che&#8230;.<\/p>\n","protected":false},"author":1,"featured_media":0,"parent":0,"menu_order":0,"comment_status":"closed","ping_status":"closed","template":"full_width.php","meta":[],"_links":{"self":[{"href":"https:\/\/mitronasengineering.com\/de\/wp-json\/wp\/v2\/pages\/836"}],"collection":[{"href":"https:\/\/mitronasengineering.com\/de\/wp-json\/wp\/v2\/pages"}],"about":[{"href":"https:\/\/mitronasengineering.com\/de\/wp-json\/wp\/v2\/types\/page"}],"author":[{"embeddable":true,"href":"https:\/\/mitronasengineering.com\/de\/wp-json\/wp\/v2\/users\/1"}],"replies":[{"embeddable":true,"href":"https:\/\/mitronasengineering.com\/de\/wp-json\/wp\/v2\/comments?post=836"}],"version-history":[{"count":1,"href":"https:\/\/mitronasengineering.com\/de\/wp-json\/wp\/v2\/pages\/836\/revisions"}],"predecessor-version":[{"id":837,"href":"https:\/\/mitronasengineering.com\/de\/wp-json\/wp\/v2\/pages\/836\/revisions\/837"}],"wp:attachment":[{"href":"https:\/\/mitronasengineering.com\/de\/wp-json\/wp\/v2\/media?parent=836"}],"curies":[{"name":"wp","href":"https:\/\/api.w.org\/{rel}","templated":true}]}}