{"id":832,"date":"2018-08-17T09:35:35","date_gmt":"2018-08-17T09:35:35","guid":{"rendered":"https:\/\/mitronasengineering.com\/?page_id=832"},"modified":"2018-08-17T09:35:35","modified_gmt":"2018-08-17T09:35:35","slug":"nitrokarbonisieren","status":"publish","type":"page","link":"https:\/\/mitronasengineering.com\/de\/nitrokarbonisieren\/","title":{"rendered":"Nitrokarbonisieren"},"content":{"rendered":"<p>[vc_row css_animation=&#8220;&#8220; row_type=&#8220;row&#8220; use_row_as_full_screen_section=&#8220;no&#8220; type=&#8220;grid&#8220; angled_section=&#8220;no&#8220; text_align=&#8220;left&#8220; background_image_as_pattern=&#8220;without_pattern&#8220; css=&#8220;.vc_custom_1530098943241{padding-top: 90px !important;padding-bottom: 90px !important;}&#8220; z_index=&#8220;&#8220;][vc_column offset=&#8220;vc_col-lg-offset-0 vc_col-lg-6 vc_col-md-offset-2 vc_col-md-8&#8243;][vc_column_text]<\/p>\n<p class=\"p1\"><strong><span class=\"s1\">Nitrokarbonisieren<\/span><\/strong><span class=\"s2\"><strong>.<\/strong> Die Schicht des Nitrokarbonisierens betr\u00e4gt 5-30 \u03bcm. Vorteile: eine hohe H\u00e4rte der Oberfl\u00e4che, ein hoher Schutz vor Abnutzung, reduzierte Verformung der Teile, verbesserte Best\u00e4ndigkeit gegen M\u00fcdigkeit und erh\u00f6hte Stabilit\u00e4t der Kontur.<\/span><\/p>\n<p>[\/vc_column_text][vc_empty_space height=&#8220;45px&#8220;][\/vc_column][vc_column offset=&#8220;vc_col-lg-offset-0 vc_col-lg-6 vc_col-md-offset-2 vc_col-md-8&#8243;][vc_single_image image=&#8220;364&#8243; img_size=&#8220;full&#8220; onclick=&#8220;link_image&#8220; qode_css_animation=&#8220;&#8220; qode_hover_animation=&#8220;zoom_in&#8220;][vc_empty_space][vc_column_text]<\/p>\n<h6>Lorem ipsum dolor sit<\/h6>\n<p>[\/vc_column_text][\/vc_column][\/vc_row]<\/p>\n","protected":false},"excerpt":{"rendered":"<p>[vc_row css_animation=&#8220;&#8220; row_type=&#8220;row&#8220; use_row_as_full_screen_section=&#8220;no&#8220; type=&#8220;grid&#8220; angled_section=&#8220;no&#8220; text_align=&#8220;left&#8220; background_image_as_pattern=&#8220;without_pattern&#8220; css=&#8220;.vc_custom_1530098943241{padding-top: 90px !important;padding-bottom: 90px !important;}&#8220; z_index=&#8220;&#8220;][vc_column offset=&#8220;vc_col-lg-offset-0 vc_col-lg-6 vc_col-md-offset-2 vc_col-md-8&#8243;][vc_column_text] Nitrokarbonisieren. Die Schicht des Nitrokarbonisierens betr\u00e4gt 5-30 \u03bcm. Vorteile: eine hohe H\u00e4rte der Oberfl\u00e4che, ein hoher Schutz vor Abnutzung, reduzierte Verformung der Teile, verbesserte Best\u00e4ndigkeit gegen M\u00fcdigkeit&#8230;<\/p>\n","protected":false},"author":1,"featured_media":0,"parent":0,"menu_order":0,"comment_status":"closed","ping_status":"closed","template":"full_width.php","meta":[],"_links":{"self":[{"href":"https:\/\/mitronasengineering.com\/de\/wp-json\/wp\/v2\/pages\/832"}],"collection":[{"href":"https:\/\/mitronasengineering.com\/de\/wp-json\/wp\/v2\/pages"}],"about":[{"href":"https:\/\/mitronasengineering.com\/de\/wp-json\/wp\/v2\/types\/page"}],"author":[{"embeddable":true,"href":"https:\/\/mitronasengineering.com\/de\/wp-json\/wp\/v2\/users\/1"}],"replies":[{"embeddable":true,"href":"https:\/\/mitronasengineering.com\/de\/wp-json\/wp\/v2\/comments?post=832"}],"version-history":[{"count":1,"href":"https:\/\/mitronasengineering.com\/de\/wp-json\/wp\/v2\/pages\/832\/revisions"}],"predecessor-version":[{"id":833,"href":"https:\/\/mitronasengineering.com\/de\/wp-json\/wp\/v2\/pages\/832\/revisions\/833"}],"wp:attachment":[{"href":"https:\/\/mitronasengineering.com\/de\/wp-json\/wp\/v2\/media?parent=832"}],"curies":[{"name":"wp","href":"https:\/\/api.w.org\/{rel}","templated":true}]}}