{"id":819,"date":"2018-08-17T09:34:15","date_gmt":"2018-08-17T09:34:15","guid":{"rendered":"https:\/\/mitronasengineering.com\/?page_id=819"},"modified":"2018-08-17T09:34:15","modified_gmt":"2018-08-17T09:34:15","slug":"fraesen","status":"publish","type":"page","link":"https:\/\/mitronasengineering.com\/de\/fraesen\/","title":{"rendered":"FR\u00c4SEN"},"content":{"rendered":"<p>[vc_row css_animation=&#8220;&#8220; row_type=&#8220;row&#8220; use_row_as_full_screen_section=&#8220;no&#8220; type=&#8220;grid&#8220; angled_section=&#8220;no&#8220; text_align=&#8220;left&#8220; background_image_as_pattern=&#8220;without_pattern&#8220; css=&#8220;.vc_custom_1530098943241{padding-top: 90px !important;padding-bottom: 90px !important;}&#8220; z_index=&#8220;&#8220;][vc_column offset=&#8220;vc_col-lg-offset-0 vc_col-lg-6 vc_col-md-offset-2 vc_col-md-8&#8243;][vc_column_text]<\/p>\n<p class=\"p1\"><span class=\"s1\">Unser Unternehmen spezialisiert sich in der CNC-Fr\u00e4s- und Drehbearbeitung und in den Bearbeitungsdienstleistungen nach Werkvertr\u00e4gen. Wir verf\u00fcgen \u00fcber <a href=\"http:\/\/ufone-eng.com\/\"><span class=\"s2\">CNC-Fr\u00e4smaschinen<\/span><\/a>, die unsere Drehm\u00f6glichkeiten erg\u00e4nzen. Die Kombination unserer <a href=\"http:\/\/machined-fabrications.com\/\"><span class=\"s2\">CNC-Bearbeitungsmaschinen<\/span><\/a>\u00a0erm\u00f6glicht\u00a0uns, universelle Dienstleistungen f\u00fcr unsere Kunden zu gew\u00e4hrleisten. Die CNC-Maschinen werden von unseren hochqualifizierten und in CNC-Fr\u00e4s- und Bearbeitungsarbeiten erfahrenen Ingenieuren betrieben<\/span><span class=\"s3\">.<\/span><\/p>\n<p>[\/vc_column_text][vc_empty_space height=&#8220;45px&#8220;][\/vc_column][vc_column offset=&#8220;vc_col-lg-offset-0 vc_col-lg-6 vc_col-md-offset-2 vc_col-md-8&#8243;][vc_gallery type=&#8220;flexslider_slide&#8220; interval=&#8220;3&#8243; images=&#8220;497,498,500,501,502,503,504,506&#8243; img_size=&#8220;full&#8220;][vc_column_text]<\/p>\n<h6>Lorem ipsum dolor sit<\/h6>\n<p>[\/vc_column_text][\/vc_column][\/vc_row]<\/p>\n","protected":false},"excerpt":{"rendered":"<p>[vc_row css_animation=&#8220;&#8220; row_type=&#8220;row&#8220; use_row_as_full_screen_section=&#8220;no&#8220; type=&#8220;grid&#8220; angled_section=&#8220;no&#8220; text_align=&#8220;left&#8220; background_image_as_pattern=&#8220;without_pattern&#8220; css=&#8220;.vc_custom_1530098943241{padding-top: 90px !important;padding-bottom: 90px !important;}&#8220; z_index=&#8220;&#8220;][vc_column offset=&#8220;vc_col-lg-offset-0 vc_col-lg-6 vc_col-md-offset-2 vc_col-md-8&#8243;][vc_column_text] Unser Unternehmen spezialisiert sich in der CNC-Fr\u00e4s- und Drehbearbeitung und in den Bearbeitungsdienstleistungen nach Werkvertr\u00e4gen. Wir verf\u00fcgen \u00fcber CNC-Fr\u00e4smaschinen, die unsere Drehm\u00f6glichkeiten erg\u00e4nzen. Die Kombination unserer CNC-Bearbeitungsmaschinen\u00a0erm\u00f6glicht\u00a0uns,&#8230;<\/p>\n","protected":false},"author":1,"featured_media":0,"parent":0,"menu_order":0,"comment_status":"closed","ping_status":"closed","template":"full_width.php","meta":[],"_links":{"self":[{"href":"https:\/\/mitronasengineering.com\/de\/wp-json\/wp\/v2\/pages\/819"}],"collection":[{"href":"https:\/\/mitronasengineering.com\/de\/wp-json\/wp\/v2\/pages"}],"about":[{"href":"https:\/\/mitronasengineering.com\/de\/wp-json\/wp\/v2\/types\/page"}],"author":[{"embeddable":true,"href":"https:\/\/mitronasengineering.com\/de\/wp-json\/wp\/v2\/users\/1"}],"replies":[{"embeddable":true,"href":"https:\/\/mitronasengineering.com\/de\/wp-json\/wp\/v2\/comments?post=819"}],"version-history":[{"count":1,"href":"https:\/\/mitronasengineering.com\/de\/wp-json\/wp\/v2\/pages\/819\/revisions"}],"predecessor-version":[{"id":820,"href":"https:\/\/mitronasengineering.com\/de\/wp-json\/wp\/v2\/pages\/819\/revisions\/820"}],"wp:attachment":[{"href":"https:\/\/mitronasengineering.com\/de\/wp-json\/wp\/v2\/media?parent=819"}],"curies":[{"name":"wp","href":"https:\/\/api.w.org\/{rel}","templated":true}]}}