{"id":817,"date":"2018-08-17T09:33:38","date_gmt":"2018-08-17T09:33:38","guid":{"rendered":"https:\/\/mitronasengineering.com\/?page_id=817"},"modified":"2018-08-17T09:33:38","modified_gmt":"2018-08-17T09:33:38","slug":"drehen","status":"publish","type":"page","link":"https:\/\/mitronasengineering.com\/de\/drehen\/","title":{"rendered":"DREHEN"},"content":{"rendered":"<p>[vc_row css_animation=&#8220;&#8220; row_type=&#8220;row&#8220; use_row_as_full_screen_section=&#8220;no&#8220; type=&#8220;grid&#8220; angled_section=&#8220;no&#8220; text_align=&#8220;left&#8220; background_image_as_pattern=&#8220;without_pattern&#8220; css=&#8220;.vc_custom_1530098414958{padding-top: 90px !important;padding-bottom: 90px !important;}&#8220; el_id=&#8220;single&#8220; z_index=&#8220;&#8220;][vc_column offset=&#8220;vc_col-lg-offset-0 vc_col-lg-6 vc_col-md-offset-2 vc_col-md-8&#8243;][vc_column_text]<\/p>\n<p class=\"p1\"><span class=\"s1\">Das Drehen ist die spanende Bearbeitung von verschiedenen Stoffen (Stahl, Messing, POM, Bronze usw.). Beim Drehen werden die Innen- und Au\u00dfenfl\u00e4chen des Werkst\u00fccks mit verschiedenen Werkzeugen bearbeitet. Zu den Dreharbeiten geh\u00f6ren auch solche Verfahren wie Trennen, Abs\u00e4gen, Rillenschneiden, Gewindeschneiden usw. Die Dreharbeiten werden auf modernen (CNC)-Bearbeitungszentren durchgef\u00fchrt, die technische Daten der Maschinen finden Sie\u00a0<a href=\"http:\/\/www.nbmechanika.lt\/gamybine-iranga\/\"><span class=\"s2\"><i>hier<\/i><\/span><\/a>. Programmgesteuerte Maschinen gew\u00e4hrleisten die h\u00f6chste Genauigkeit und die k\u00fcrzeste Fertigungszeit.<\/span><\/p>\n<p>[\/vc_column_text][vc_empty_space height=&#8220;45px&#8220;][\/vc_column][vc_column offset=&#8220;vc_col-lg-offset-0 vc_col-lg-6 vc_col-md-offset-2 vc_col-md-8&#8243;]<div class=\"qode_video_box\">\r\n\t<a itemprop=\"image\" class=\"qode_video_image\" href=\"https:\/\/youtu.be\/cbnSJK_1g00\" data-rel=\"prettyPhoto\">\r\n\t\t\t\r\n\t\t\t<img src=\"https:\/\/mitronasengineering.com\/wp-content\/uploads\/2018\/06\/pic.jpg\" \/>\r\n\t\t\t<span class=\"qode_video_box_button_holder\">\r\n\t\t\t\t<span class=\"qode_video_box_button\">\r\n\t\t\t\t\t<span class=\"qode_video_box_button_arrow\">\r\n\t\t\t\t\t<\/span>\r\n\t\t\t\t<\/span>\r\n\t\t\t<\/span>\r\n\t\t\t<\/a>\r\n<\/div>[vc_empty_space][vc_column_text]<\/p>\n<h6>Lorem ipsum dolor sit<\/h6>\n<p>[\/vc_column_text][\/vc_column][\/vc_row]<\/p>\n","protected":false},"excerpt":{"rendered":"<p>[vc_row css_animation=&#8220;&#8220; row_type=&#8220;row&#8220; use_row_as_full_screen_section=&#8220;no&#8220; type=&#8220;grid&#8220; angled_section=&#8220;no&#8220; text_align=&#8220;left&#8220; background_image_as_pattern=&#8220;without_pattern&#8220; css=&#8220;.vc_custom_1530098414958{padding-top: 90px !important;padding-bottom: 90px !important;}&#8220; el_id=&#8220;single&#8220; z_index=&#8220;&#8220;][vc_column offset=&#8220;vc_col-lg-offset-0 vc_col-lg-6 vc_col-md-offset-2 vc_col-md-8&#8243;][vc_column_text] Das Drehen ist die spanende Bearbeitung von verschiedenen Stoffen (Stahl, Messing, POM, Bronze usw.). Beim Drehen werden die Innen- und Au\u00dfenfl\u00e4chen des Werkst\u00fccks mit verschiedenen Werkzeugen&#8230;<\/p>\n","protected":false},"author":1,"featured_media":0,"parent":0,"menu_order":0,"comment_status":"closed","ping_status":"closed","template":"full_width.php","meta":[],"_links":{"self":[{"href":"https:\/\/mitronasengineering.com\/de\/wp-json\/wp\/v2\/pages\/817"}],"collection":[{"href":"https:\/\/mitronasengineering.com\/de\/wp-json\/wp\/v2\/pages"}],"about":[{"href":"https:\/\/mitronasengineering.com\/de\/wp-json\/wp\/v2\/types\/page"}],"author":[{"embeddable":true,"href":"https:\/\/mitronasengineering.com\/de\/wp-json\/wp\/v2\/users\/1"}],"replies":[{"embeddable":true,"href":"https:\/\/mitronasengineering.com\/de\/wp-json\/wp\/v2\/comments?post=817"}],"version-history":[{"count":1,"href":"https:\/\/mitronasengineering.com\/de\/wp-json\/wp\/v2\/pages\/817\/revisions"}],"predecessor-version":[{"id":818,"href":"https:\/\/mitronasengineering.com\/de\/wp-json\/wp\/v2\/pages\/817\/revisions\/818"}],"wp:attachment":[{"href":"https:\/\/mitronasengineering.com\/de\/wp-json\/wp\/v2\/media?parent=817"}],"curies":[{"name":"wp","href":"https:\/\/api.w.org\/{rel}","templated":true}]}}