{"id":815,"date":"2018-08-17T09:32:45","date_gmt":"2018-08-17T09:32:45","guid":{"rendered":"https:\/\/mitronasengineering.com\/?page_id=815"},"modified":"2018-08-21T07:09:22","modified_gmt":"2018-08-21T07:09:22","slug":"dienstleistungen","status":"publish","type":"page","link":"https:\/\/mitronasengineering.com\/de\/dienstleistungen\/","title":{"rendered":"DIENSTLEISTUNGEN"},"content":{"rendered":"<p>[vc_row css_animation=&#8220;&#8220; row_type=&#8220;row&#8220; use_row_as_full_screen_section=&#8220;no&#8220; type=&#8220;grid&#8220; angled_section=&#8220;no&#8220; text_align=&#8220;left&#8220; background_image_as_pattern=&#8220;without_pattern&#8220; css=&#8220;.vc_custom_1530098414958{padding-top: 90px !important;padding-bottom: 90px !important;}&#8220; el_id=&#8220;single&#8220; z_index=&#8220;&#8220;][vc_column offset=&#8220;vc_col-lg-offset-0 vc_col-lg-6 vc_col-md-offset-2 vc_col-md-8&#8243;][vc_column_text]<\/p>\n<p class=\"p1\"><span class=\"s1\">Die UAB \u201cMITRONAS Engineering\u201d verf\u00fcgt \u00fcber einen der gr\u00f6\u00dften Maschinenparks aus modernen CNC-Fr\u00e4smaschinen in der Region Kaunas, die f\u00fcr Bearbeitungsauftr\u00e4ge nach Werkvertr\u00e4gen bestimmt sind.<\/span><\/p>\n<p>&nbsp;<\/p>\n<p class=\"p1\"><span class=\"s2\">Um Teile der h\u00f6chsten Qualit\u00e4t zu produzieren, verwenden wir die modernsten und technisch intakten Anlagen. Dank dem Einsatz von modernen CNC-Dreh- und Fr\u00e4smaschinen k\u00f6nnen wir unseren Kunden besonders zuverl\u00e4ssige und leistungsf\u00e4hige Dienstleistungen in der CNC-Bearbeitung anbieten.<\/span><\/p>\n<p>&nbsp;<\/p>\n<p class=\"p1\"><span class=\"s2\">Wir verf\u00fcgen \u00fcber eine komplett eingerichtete Abteilung f\u00fcr die Qualit\u00e4tskontrolle. Dort kommen spezielle Werkzeuge zum Einsatz, die f\u00fcr die Einhaltung von spezifischen Vorschriften, Endpr\u00fcfung der Erzeugnisse, Verpackung und den Versand bestimmt sind.<\/span><\/p>\n<p>&nbsp;<\/p>\n<p class=\"p1\"><span class=\"s2\">Wir k\u00f6nnen Erzeugnisse, und zwar, gro\u00dfe Mengen kleiner Drehteile, nach Ihren Auftragsterminen in beliebige Stadt bzw. beliebiges Land anliefern.<\/span><\/p>\n<p>&nbsp;<\/p>\n<p class=\"p1\"><span class=\"s2\">Wir sind bereit und bem\u00fchen uns, mit Engagement, freundlicher Bedienung und Teamarbeit den W\u00fcnschen jedes Kunden zu entsprechen.<\/span><\/p>\n<p>[\/vc_column_text][vc_empty_space height=&#8220;45px&#8220;][vc_column_text]<strong>Hauptdienstleistungen:<\/strong>[\/vc_column_text][vc_empty_space height=&#8220;24px&#8220;][vc_row_inner row_type=&#8220;row&#8220; type=&#8220;full_width&#8220; text_align=&#8220;left&#8220; css_animation=&#8220;&#8220;][vc_column_inner]<div class='q_list circle animate_list'><\/p>\n<ul>\n<li>\n<p class=\"p1\"><a href=\"https:\/\/mitronasengineering.com\/fraesen\/?lang=de\"><span class=\"s1\">FR\u00c4SEN<\/span><\/a><\/p>\n<\/li>\n<li>\n<p class=\"p1\"><a href=\"https:\/\/mitronasengineering.com\/drehen\/?lang=de\"><span class=\"s1\">DREHEN<\/span><\/a><\/p>\n<\/li>\n<li>\n<p class=\"p1\"><a href=\"https:\/\/mitronasengineering.com\/wartung-und-reparatur-der-werkzeugmaschinen\/?lang=de\"><span class=\"s1\">WARTUNG UND REPARATUR DER WERKZEUGMASCHINEN<\/span><\/a><\/p>\n<\/li>\n<li>\n<p class=\"p1\"><a href=\"https:\/\/mitronasengineering.com\/nitrokarbonisieren\/?lang=de\"><span class=\"s1\">Nitrokarbonisieren<\/span><\/a><\/p>\n<\/li>\n<li>\n<p class=\"p1\"><a href=\"https:\/\/mitronasengineering.com\/eloxieren\/?lang=de\"><span class=\"s1\">Eloxieren<\/span><\/a><\/p>\n<\/li>\n<li>\n<p class=\"p1\"><a href=\"https:\/\/mitronasengineering.com\/verzinken\/?lang=de\"><span class=\"s1\">Verzinken<\/span><\/a><\/p>\n<\/li>\n<li>\n<p class=\"p1\"><a href=\"https:\/\/mitronasengineering.com\/bruenieren\/?lang=de\"><span class=\"s1\">Br\u00fcnieren<\/span><\/a><\/p>\n<\/li>\n<li>\n<p class=\"p1\"><a href=\"https:\/\/mitronasengineering.com\/gluehen\/?lang=de\"><span class=\"s1\">Gl\u00fchen<\/span><\/a><\/p>\n<\/li>\n<\/ul>\n<p><\/div>[\/vc_column_inner][\/vc_row_inner][vc_empty_space height=&#8220;45px&#8220;][\/vc_column][vc_column offset=&#8220;vc_col-lg-offset-0 vc_col-lg-6 vc_col-md-offset-2 vc_col-md-8&#8243;]<div class=\"qode_video_box\">\r\n\t<a itemprop=\"image\" class=\"qode_video_image\" href=\"https:\/\/www.youtube.com\/watch?v=cbnSJK_1g00&#038;feature=youtu.be\" data-rel=\"prettyPhoto\">\r\n\t\t\t\r\n\t\t\t<img src=\"https:\/\/mitronasengineering.com\/wp-content\/uploads\/2018\/06\/pic.jpg\" \/>\r\n\t\t\t<span class=\"qode_video_box_button_holder\">\r\n\t\t\t\t<span class=\"qode_video_box_button\">\r\n\t\t\t\t\t<span class=\"qode_video_box_button_arrow\">\r\n\t\t\t\t\t<\/span>\r\n\t\t\t\t<\/span>\r\n\t\t\t<\/span>\r\n\t\t\t<\/a>\r\n<\/div>[vc_empty_space][vc_column_text]<\/p>\n<h6>Detali\u0173 tekinimas &#8211; video<\/h6>\n<p>[\/vc_column_text][\/vc_column][\/vc_row][vc_row css_animation=&#8220;&#8220; row_type=&#8220;row&#8220; use_row_as_full_screen_section=&#8220;no&#8220; type=&#8220;grid&#8220; angled_section=&#8220;no&#8220; text_align=&#8220;left&#8220; background_image_as_pattern=&#8220;without_pattern&#8220; css=&#8220;.vc_custom_1530105149434{padding-top: 30px !important;padding-bottom: 30px !important;background-color: #ffffff !important;}&#8220; z_index=&#8220;&#8220;][vc_column]<div class=\"call_to_action normal\" style=\"background-color: #ffffff;padding-top: 18px;padding-bottom: 18px;\"><div class=\"two_columns_75_25 clearfix\"><div class=\"text_wrapper column1\"><div class=\"call_to_action_text \" style=\"\">\n<h3>Lorem ipsum dolor sit<\/h3>\n<\/div><\/div><div class=\"button_wrapper column2\"><a itemprop=\"url\" href=\"https:\/\/mitronasengineering.com\/de\/kontakte\/\" class=\"qbutton white \" target=\"_self\" style=\"color: #2a2a2a;background-color: #e7bb09;\"data-hover-background-color=#e8c743 data-hover-color=#2a2a2a>KONTAKTE<\/a><\/div><\/div><\/div>[\/vc_column][\/vc_row]<\/p>\n","protected":false},"excerpt":{"rendered":"<p>[vc_row css_animation=&#8220;&#8220; row_type=&#8220;row&#8220; use_row_as_full_screen_section=&#8220;no&#8220; type=&#8220;grid&#8220; angled_section=&#8220;no&#8220; text_align=&#8220;left&#8220; background_image_as_pattern=&#8220;without_pattern&#8220; css=&#8220;.vc_custom_1530098414958{padding-top: 90px !important;padding-bottom: 90px !important;}&#8220; el_id=&#8220;single&#8220; z_index=&#8220;&#8220;][vc_column offset=&#8220;vc_col-lg-offset-0 vc_col-lg-6 vc_col-md-offset-2 vc_col-md-8&#8243;][vc_column_text] Die UAB \u201cMITRONAS Engineering\u201d verf\u00fcgt \u00fcber einen der gr\u00f6\u00dften Maschinenparks aus modernen CNC-Fr\u00e4smaschinen in der Region Kaunas, die f\u00fcr Bearbeitungsauftr\u00e4ge nach Werkvertr\u00e4gen bestimmt sind. &nbsp; Um&#8230;<\/p>\n","protected":false},"author":1,"featured_media":0,"parent":0,"menu_order":0,"comment_status":"closed","ping_status":"closed","template":"full_width.php","meta":[],"_links":{"self":[{"href":"https:\/\/mitronasengineering.com\/de\/wp-json\/wp\/v2\/pages\/815"}],"collection":[{"href":"https:\/\/mitronasengineering.com\/de\/wp-json\/wp\/v2\/pages"}],"about":[{"href":"https:\/\/mitronasengineering.com\/de\/wp-json\/wp\/v2\/types\/page"}],"author":[{"embeddable":true,"href":"https:\/\/mitronasengineering.com\/de\/wp-json\/wp\/v2\/users\/1"}],"replies":[{"embeddable":true,"href":"https:\/\/mitronasengineering.com\/de\/wp-json\/wp\/v2\/comments?post=815"}],"version-history":[{"count":3,"href":"https:\/\/mitronasengineering.com\/de\/wp-json\/wp\/v2\/pages\/815\/revisions"}],"predecessor-version":[{"id":885,"href":"https:\/\/mitronasengineering.com\/de\/wp-json\/wp\/v2\/pages\/815\/revisions\/885"}],"wp:attachment":[{"href":"https:\/\/mitronasengineering.com\/de\/wp-json\/wp\/v2\/media?parent=815"}],"curies":[{"name":"wp","href":"https:\/\/api.w.org\/{rel}","templated":true}]}}