{"id":809,"date":"2018-08-17T09:23:29","date_gmt":"2018-08-17T09:23:29","guid":{"rendered":"https:\/\/mitronasengineering.com\/?page_id=809"},"modified":"2018-08-17T09:26:50","modified_gmt":"2018-08-17T09:26:50","slug":"karriere","status":"publish","type":"page","link":"https:\/\/mitronasengineering.com\/de\/karriere\/","title":{"rendered":"Karriere"},"content":{"rendered":"<p>[vc_row css_animation=&#8220;&#8220; row_type=&#8220;row&#8220; use_row_as_full_screen_section=&#8220;no&#8220; type=&#8220;grid&#8220; angled_section=&#8220;no&#8220; text_align=&#8220;left&#8220; background_image_as_pattern=&#8220;without_pattern&#8220; css=&#8220;.vc_custom_1530091246676{padding-top: 90px !important;padding-bottom: 45px !important;}&#8220; z_index=&#8220;&#8220;][vc_column offset=&#8220;vc_col-lg-6 vc_col-md-6&#8243;][vc_column_text]<\/p>\n<p class=\"p1\"><span class=\"s1\">Die UAB &#8222;MITRONAS Engineering&#8220; ist ein Fertigungsunternehmen, Lieferant von Produkten hoher Technologien und spezialisierten Dienstleistungen. Das Unternehmen entwickelt sich rasch und macht gro\u00dfe Fortschritte in einem sich st\u00e4ndig ver\u00e4ndernden Arbeitsumfeld. Deshalb m\u00fcssen alle Teammitglieder flexibel und anpassungsf\u00e4hig sein. Unsere Mitarbeiter sind die Quelle unserer Kraft und der Schl\u00fcssel zur erfolgreichen Verwirklichung unserer Mission.<\/span><\/p>\n<p>&nbsp;<\/p>\n<p class=\"p1\"><span class=\"s1\">Wir bieten eine interessante, wechselhafte und fortbildende Arbeit. Wir schulen unsere Mitarbeiter, gew\u00e4hren ihnen alle sozialen Garantien und leistungsgerechtes Arbeitsentgelt.<\/span><\/p>\n<p>[\/vc_column_text][vc_empty_space height=&#8220;45px&#8220;][\/vc_column][vc_column offset=&#8220;vc_col-lg-6 vc_col-md-6&#8243;]<div role=\"form\" class=\"wpcf7\" id=\"wpcf7-f812-o1\" lang=\"en-US\" dir=\"ltr\">\n<div class=\"screen-reader-response\"><\/div>\n<form action=\"\/de\/wp-json\/wp\/v2\/pages\/809#wpcf7-f812-o1\" method=\"post\" class=\"wpcf7-form cf7_custom_style_2\" enctype=\"multipart\/form-data\" novalidate=\"novalidate\">\n<div style=\"display: none;\">\n<input type=\"hidden\" name=\"_wpcf7\" value=\"812\" \/>\n<input type=\"hidden\" name=\"_wpcf7_version\" value=\"5.0.2\" \/>\n<input type=\"hidden\" name=\"_wpcf7_locale\" value=\"en_US\" \/>\n<input type=\"hidden\" name=\"_wpcf7_unit_tag\" value=\"wpcf7-f812-o1\" \/>\n<input type=\"hidden\" name=\"_wpcf7_container_post\" value=\"0\" \/>\n<\/div>\n<p><span class=\"wpcf7-form-control-wrap full-name\"><input type=\"text\" name=\"full-name\" value=\"\" size=\"40\" class=\"wpcf7-form-control wpcf7-text wpcf7-validates-as-required\" aria-required=\"true\" aria-invalid=\"false\" placeholder=\"Name*\" \/><\/span><\/p>\n<p><span class=\"wpcf7-form-control-wrap email\"><input type=\"email\" name=\"email\" value=\"\" size=\"40\" class=\"wpcf7-form-control wpcf7-text wpcf7-email wpcf7-validates-as-required wpcf7-validates-as-email\" aria-required=\"true\" aria-invalid=\"false\" placeholder=\"El. mail*\" \/><\/span><\/p>\n<p><span class=\"wpcf7-form-control-wrap tel\"><input type=\"text\" name=\"tel\" value=\"\" size=\"40\" class=\"wpcf7-form-control wpcf7-text\" aria-invalid=\"false\" placeholder=\"Durchwahl\" \/><\/span><\/p>\n<p><span class=\"wpcf7-form-control-wrap message\"><textarea name=\"message\" cols=\"40\" rows=\"10\" class=\"wpcf7-form-control wpcf7-textarea wpcf7-validates-as-required\" aria-required=\"true\" aria-invalid=\"false\" placeholder=\"Fragen*\"><\/textarea><\/span><\/p>\n<p><span class=\"wpcf7-form-control-wrap Pridtifail\"><input type=\"file\" name=\"Pridtifail\" size=\"40\" class=\"wpcf7-form-control wpcf7-file\" accept=\".jpg,.jpeg,.png,.gif,.pdf,.doc,.docx,.ppt,.pptx,.odt,.avi,.ogg,.m4a,.mov,.mp3,.mp4,.mpg,.wav,.wmv\" aria-invalid=\"false\" \/><\/span><\/p>\n<div class=\"wpcf7-form-control-wrap\"><div data-sitekey=\"6LemRGkUAAAAAHLLmTkJkyud_yyNZ2-JcBMORbd5\" class=\"wpcf7-form-control g-recaptcha wpcf7-recaptcha\"><\/div>\n<noscript>\n\t<div style=\"width: 302px; height: 422px;\">\n\t\t<div style=\"width: 302px; height: 422px; position: relative;\">\n\t\t\t<div style=\"width: 302px; height: 422px; position: absolute;\">\n\t\t\t\t<iframe src=\"https:\/\/www.google.com\/recaptcha\/api\/fallback?k=6LemRGkUAAAAAHLLmTkJkyud_yyNZ2-JcBMORbd5\" frameborder=\"0\" scrolling=\"no\" style=\"width: 302px; height:422px; border-style: none;\">\n\t\t\t\t<\/iframe>\n\t\t\t<\/div>\n\t\t\t<div style=\"width: 300px; height: 60px; border-style: none; bottom: 12px; left: 25px; margin: 0px; padding: 0px; right: 25px; background: #f9f9f9; border: 1px solid #c1c1c1; border-radius: 3px;\">\n\t\t\t\t<textarea id=\"g-recaptcha-response\" name=\"g-recaptcha-response\" class=\"g-recaptcha-response\" style=\"width: 250px; height: 40px; border: 1px solid #c1c1c1; margin: 10px 25px; padding: 0px; resize: none;\">\n\t\t\t\t<\/textarea>\n\t\t\t<\/div>\n\t\t<\/div>\n\t<\/div>\n<\/noscript>\n<\/div>\n<p><input type=\"submit\" value=\"Senden\" class=\"wpcf7-form-control wpcf7-submit\" \/><\/p>\n<div class=\"wpcf7-response-output wpcf7-display-none\"><\/div><\/form><\/div>[vc_empty_space height=&#8220;45px&#8220;][\/vc_column][\/vc_row]<\/p>\n","protected":false},"excerpt":{"rendered":"<p>[vc_row css_animation=&#8220;&#8220; row_type=&#8220;row&#8220; use_row_as_full_screen_section=&#8220;no&#8220; type=&#8220;grid&#8220; angled_section=&#8220;no&#8220; text_align=&#8220;left&#8220; background_image_as_pattern=&#8220;without_pattern&#8220; css=&#8220;.vc_custom_1530091246676{padding-top: 90px !important;padding-bottom: 45px !important;}&#8220; z_index=&#8220;&#8220;][vc_column offset=&#8220;vc_col-lg-6 vc_col-md-6&#8243;][vc_column_text] Die UAB &#8222;MITRONAS Engineering&#8220; ist ein Fertigungsunternehmen, Lieferant von Produkten hoher Technologien und spezialisierten Dienstleistungen. Das Unternehmen entwickelt sich rasch und macht gro\u00dfe Fortschritte in einem sich st\u00e4ndig ver\u00e4ndernden&#8230;<\/p>\n","protected":false},"author":1,"featured_media":0,"parent":0,"menu_order":0,"comment_status":"closed","ping_status":"closed","template":"full_width.php","meta":[],"_links":{"self":[{"href":"https:\/\/mitronasengineering.com\/de\/wp-json\/wp\/v2\/pages\/809"}],"collection":[{"href":"https:\/\/mitronasengineering.com\/de\/wp-json\/wp\/v2\/pages"}],"about":[{"href":"https:\/\/mitronasengineering.com\/de\/wp-json\/wp\/v2\/types\/page"}],"author":[{"embeddable":true,"href":"https:\/\/mitronasengineering.com\/de\/wp-json\/wp\/v2\/users\/1"}],"replies":[{"embeddable":true,"href":"https:\/\/mitronasengineering.com\/de\/wp-json\/wp\/v2\/comments?post=809"}],"version-history":[{"count":2,"href":"https:\/\/mitronasengineering.com\/de\/wp-json\/wp\/v2\/pages\/809\/revisions"}],"predecessor-version":[{"id":813,"href":"https:\/\/mitronasengineering.com\/de\/wp-json\/wp\/v2\/pages\/809\/revisions\/813"}],"wp:attachment":[{"href":"https:\/\/mitronasengineering.com\/de\/wp-json\/wp\/v2\/media?parent=809"}],"curies":[{"name":"wp","href":"https:\/\/api.w.org\/{rel}","templated":true}]}}