{"id":806,"date":"2018-08-17T09:22:52","date_gmt":"2018-08-17T09:22:52","guid":{"rendered":"https:\/\/mitronasengineering.com\/?page_id=806"},"modified":"2018-08-17T09:22:52","modified_gmt":"2018-08-17T09:22:52","slug":"unsere-werte","status":"publish","type":"page","link":"https:\/\/mitronasengineering.com\/de\/unsere-werte\/","title":{"rendered":"Unsere Werte"},"content":{"rendered":"<p>[vc_row css_animation=&#8220;&#8220; row_type=&#8220;row&#8220; use_row_as_full_screen_section=&#8220;no&#8220; type=&#8220;grid&#8220; angled_section=&#8220;no&#8220; text_align=&#8220;left&#8220; background_image_as_pattern=&#8220;without_pattern&#8220; css=&#8220;.vc_custom_1530091246676{padding-top: 90px !important;padding-bottom: 45px !important;}&#8220; z_index=&#8220;&#8220;][vc_column offset=&#8220;vc_col-lg-6 vc_col-md-6&#8243;][vc_column_text]<\/p>\n<p class=\"p1\"><span class=\"s1\">Auf Partnerschaft beruhende Zusammenarbeit mit dem Kunden \u2013 das Team der UAB \u201eMITRONAS Engineering\u201c versteht es, dass es ein Teil des Gesch\u00e4ftes der Kunden ist, und strebt nach einer konstruktiven, freundlichen Zusammenarbeit mit den Kunden auf Basis des beiderseitigen Nutzens. <\/span><\/p>\n<p>&nbsp;<\/p>\n<p class=\"p1\"><span class=\"s1\"><strong>Professionalismus<\/strong> ist nicht nur das Ziel unseres Teams, sondern auch sein Lebensstil. Wir sind offen f\u00fcr Innovationen, vertiefen st\u00e4ndig unsere Kenntnisse und vervollkommnen unsere Fertigkeiten. Wir sind Profis in unserem Gebiet, sehr engagiert und erf\u00fcllen die Auftr\u00e4ge mit Enthusiasmus.<\/span><\/p>\n<p>&nbsp;<\/p>\n<p class=\"p1\"><span class=\"s1\"><strong>St\u00e4ndige Vervollkommnung<\/strong> ist eine unentbehrliche Voraussetzung, um Marktf\u00fchrer zu werden. <\/span><\/p>\n<p>&nbsp;<\/p>\n<p class=\"p1\"><span class=\"s1\"><strong>Strenge Qualit\u00e4tskontrolle<\/strong> \u2013 wir stellen hohe Anforderungen an die Qualit\u00e4t unserer Dienstleistungen und wissen, dass nur durch disziplinierte und st\u00e4ndige Kontrolle in allen Prozessen unserer Dienstleistungen k\u00f6nnen wir nicht nur Teile hoher Qualit\u00e4t produzieren, sondern auch zum f\u00fchrenden Unternehmen auf dem Markt der Fertigung von Teilen werden.<\/span><\/p>\n<p>[\/vc_column_text][vc_empty_space height=&#8220;45px&#8220;][\/vc_column][vc_column offset=&#8220;vc_col-lg-6 vc_col-md-6&#8243;][vc_single_image image=&#8220;371&#8243; img_size=&#8220;full&#8220; qode_css_animation=&#8220;&#8220; qode_hover_animation=&#8220;zoom_in&#8220;][vc_empty_space][vc_column_text]<\/p>\n<h6>UAB \u201eMITRONAS Engineering\u201c komanda<\/h6>\n<p>[\/vc_column_text][vc_empty_space height=&#8220;45px&#8220;][\/vc_column][\/vc_row]<\/p>\n","protected":false},"excerpt":{"rendered":"<p>[vc_row css_animation=&#8220;&#8220; row_type=&#8220;row&#8220; use_row_as_full_screen_section=&#8220;no&#8220; type=&#8220;grid&#8220; angled_section=&#8220;no&#8220; text_align=&#8220;left&#8220; background_image_as_pattern=&#8220;without_pattern&#8220; css=&#8220;.vc_custom_1530091246676{padding-top: 90px !important;padding-bottom: 45px !important;}&#8220; z_index=&#8220;&#8220;][vc_column offset=&#8220;vc_col-lg-6 vc_col-md-6&#8243;][vc_column_text] Auf Partnerschaft beruhende Zusammenarbeit mit dem Kunden \u2013 das Team der UAB \u201eMITRONAS Engineering\u201c versteht es, dass es ein Teil des Gesch\u00e4ftes der Kunden ist, und strebt nach einer&#8230;<\/p>\n","protected":false},"author":1,"featured_media":0,"parent":0,"menu_order":0,"comment_status":"closed","ping_status":"closed","template":"full_width.php","meta":[],"_links":{"self":[{"href":"https:\/\/mitronasengineering.com\/de\/wp-json\/wp\/v2\/pages\/806"}],"collection":[{"href":"https:\/\/mitronasengineering.com\/de\/wp-json\/wp\/v2\/pages"}],"about":[{"href":"https:\/\/mitronasengineering.com\/de\/wp-json\/wp\/v2\/types\/page"}],"author":[{"embeddable":true,"href":"https:\/\/mitronasengineering.com\/de\/wp-json\/wp\/v2\/users\/1"}],"replies":[{"embeddable":true,"href":"https:\/\/mitronasengineering.com\/de\/wp-json\/wp\/v2\/comments?post=806"}],"version-history":[{"count":1,"href":"https:\/\/mitronasengineering.com\/de\/wp-json\/wp\/v2\/pages\/806\/revisions"}],"predecessor-version":[{"id":807,"href":"https:\/\/mitronasengineering.com\/de\/wp-json\/wp\/v2\/pages\/806\/revisions\/807"}],"wp:attachment":[{"href":"https:\/\/mitronasengineering.com\/de\/wp-json\/wp\/v2\/media?parent=806"}],"curies":[{"name":"wp","href":"https:\/\/api.w.org\/{rel}","templated":true}]}}