{"id":803,"date":"2018-08-17T09:21:42","date_gmt":"2018-08-17T09:21:42","guid":{"rendered":"https:\/\/mitronasengineering.com\/?page_id=803"},"modified":"2018-08-17T09:21:42","modified_gmt":"2018-08-17T09:21:42","slug":"ueber-uns","status":"publish","type":"page","link":"https:\/\/mitronasengineering.com\/de\/ueber-uns\/","title":{"rendered":"\u00dcBER UNS"},"content":{"rendered":"<p>[vc_row css_animation=&#8220;&#8220; row_type=&#8220;row&#8220; use_row_as_full_screen_section=&#8220;no&#8220; type=&#8220;grid&#8220; angled_section=&#8220;no&#8220; text_align=&#8220;left&#8220; background_image_as_pattern=&#8220;without_pattern&#8220; background_color=&#8220;#e7bb09&#8243; z_index=&#8220;&#8220;][vc_column][vc_empty_space][vc_column_text]<\/p>\n<h2 class=\"p1\">Geschichte<\/h2>\n<p>[\/vc_column_text][vc_empty_space][\/vc_column][\/vc_row][vc_row css_animation=&#8220;&#8220; row_type=&#8220;row&#8220; use_row_as_full_screen_section=&#8220;no&#8220; type=&#8220;grid&#8220; angled_section=&#8220;no&#8220; text_align=&#8220;left&#8220; background_image_as_pattern=&#8220;without_pattern&#8220; css=&#8220;.vc_custom_1530091246676{padding-top: 90px !important;padding-bottom: 45px !important;}&#8220; z_index=&#8220;&#8220;][vc_column offset=&#8220;vc_col-lg-6 vc_col-md-6&#8243;][vc_column_text]<\/p>\n<p class=\"p1\"><span class=\"s1\">Die UAB \u201eMitronas\u201c wurde 1998 in Kaunas gegr\u00fcndet. Im Jahr 2013 wurde der T\u00e4tigkeitsbereich ausgeweitet und das Unternehmen in die UAB \u201eMITRONAS Engineering\u201c umbenannt. Die Hauptrichtungen unserer T\u00e4tigkeit sind automatische Dreh- und Fr\u00e4sarbeiten sowie Reparatur und Wartung der Werkzeugmaschinen. <\/span><\/p>\n<p>&nbsp;<\/p>\n<p class=\"p1\"><span class=\"s1\">Das Unternehmen spezialisiert sich sowohl in der Serienfertigung (50 bis 10.000 St\u00fcck) und Massenfertigung (ab 50.000 St\u00fcck). Zu den Haupterzeugnissen geh\u00f6ren nichtstandardm\u00e4\u00dfige Teile f\u00fcr Maschinenbau, Landtechnik, Druckmaschinen, M\u00f6belfertigung und andere Bereiche. Das sind verschiedene Schrauben, Buchsen, Bolzen, Achsen, Flanschen, Lagereinheiten usw.<\/span><\/p>\n<p>&nbsp;<\/p>\n<p class=\"p1\"><span class=\"s1\">In der Fertigung der Teile werden leistungsf\u00e4hige Fertigungsverfahren, Werkzeuge und Maschinen verwendet. Das Ziel unseres Unternehmens liegt darin, Erzeugnisse nach Qualit\u00e4tsvorgaben mit dem kleinsten Material-, Energie- und Arbeitsaufwand zu produzieren. Deshalb k\u00f6nnen wir Erzeugnisse hoher Qualit\u00e4t zum attraktiven Preis anbieten. Wir arbeiten mit zuverl\u00e4ssigen Rohstofflieferanten aus Litauen und Deutschland zusammen. Wir bearbeiten Stahl, rostfreien Stahl, Aluminium, Messing und technische Kunststoffe. <\/span><\/p>\n<p>&nbsp;<\/p>\n<p class=\"p1\"><span class=\"s1\">Wir arbeiten mit anderen Unternehmen zusammen, die Dienstleistungen in der galvanischen Beschichtung, im Nitrokarbonisieren bzw. in der H\u00e4rtung erbringen, deshalb k\u00f6nnen wir unseren Kunden komplett fertige Erzeugnisse anbieten. <\/span><\/p>\n<p>&nbsp;<\/p>\n<p class=\"p1\"><span class=\"s1\">Die Qualit\u00e4tskontrolle erfolgt w\u00e4hrend und nach der Fertigung. F\u00fcr die Qualit\u00e4tssicherung werden Ger\u00e4te und Ausr\u00fcstung nur des Hersteller \u201eMitutoyo\u201c verwendet. F\u00fcr das Modellieren der Erzeugnisse und das Programmieren der Maschinen wird die 3D-Molellierungssoftware \u201eSolidworks 2017\u201c verwendet.<\/span><\/p>\n<p>[\/vc_column_text][vc_empty_space height=&#8220;45px&#8220;][\/vc_column][vc_column offset=&#8220;vc_col-lg-6 vc_col-md-6&#8243;]<div class=\"qode_video_box\">\r\n\t<a itemprop=\"image\" class=\"qode_video_image\" href=\"https:\/\/www.youtube.com\/watch?v=tOQLk4gQzNs\" data-rel=\"prettyPhoto\">\r\n\t\t\t\r\n\t\t\t<img src=\"https:\/\/mitronasengineering.com\/wp-content\/uploads\/2018\/06\/pic.jpg\" \/>\r\n\t\t\t<span class=\"qode_video_box_button_holder\">\r\n\t\t\t\t<span class=\"qode_video_box_button\">\r\n\t\t\t\t\t<span class=\"qode_video_box_button_arrow\">\r\n\t\t\t\t\t<\/span>\r\n\t\t\t\t<\/span>\r\n\t\t\t<\/span>\r\n\t\t\t<\/a>\r\n<\/div>[vc_empty_space][vc_column_text]<\/p>\n<h6>Detali\u0173 tekinimas &#8211; video<\/h6>\n<p>[\/vc_column_text][vc_empty_space height=&#8220;45px&#8220;][\/vc_column][\/vc_row][vc_row css_animation=&#8220;&#8220; row_type=&#8220;row&#8220; use_row_as_full_screen_section=&#8220;no&#8220; type=&#8220;grid&#8220; angled_section=&#8220;no&#8220; text_align=&#8220;left&#8220; background_image_as_pattern=&#8220;without_pattern&#8220; background_color=&#8220;#e7bb09&#8243; z_index=&#8220;&#8220;][vc_column][vc_empty_space][vc_column_text]<\/p>\n<h2 class=\"p1\">Vision<\/h2>\n<p>[\/vc_column_text][vc_empty_space][\/vc_column][\/vc_row][vc_row css_animation=&#8220;&#8220; row_type=&#8220;row&#8220; use_row_as_full_screen_section=&#8220;no&#8220; type=&#8220;grid&#8220; angled_section=&#8220;no&#8220; text_align=&#8220;left&#8220; background_image_as_pattern=&#8220;without_pattern&#8220; css=&#8220;.vc_custom_1530091242451{padding-top: 90px !important;padding-bottom: 90px !important;}&#8220; z_index=&#8220;&#8220;][vc_column][vc_column_text]<\/p>\n<p class=\"p1\"><span class=\"s1\">Wir sehen uns als zuverl\u00e4ssigen Partner f\u00fcr Kunden, die nach h\u00f6chsten Ergebnissen streben, und f\u00fchrendes Unternehmen auf dem litauischen Markt der Werkleistungen im Bereich des automatischen Fr\u00e4sens.<\/span><\/p>\n<p>[\/vc_column_text][\/vc_column][\/vc_row][vc_row css_animation=&#8220;&#8220; row_type=&#8220;row&#8220; use_row_as_full_screen_section=&#8220;no&#8220; type=&#8220;grid&#8220; angled_section=&#8220;no&#8220; text_align=&#8220;left&#8220; background_image_as_pattern=&#8220;without_pattern&#8220; background_color=&#8220;#e7bb09&#8243; z_index=&#8220;&#8220;][vc_column][vc_empty_space][vc_column_text]<\/p>\n<h2 class=\"p1\">Mission<\/h2>\n<p>[\/vc_column_text][vc_empty_space][\/vc_column][\/vc_row][vc_row css_animation=&#8220;&#8220; row_type=&#8220;row&#8220; use_row_as_full_screen_section=&#8220;no&#8220; type=&#8220;grid&#8220; angled_section=&#8220;no&#8220; text_align=&#8220;left&#8220; background_image_as_pattern=&#8220;without_pattern&#8220; css=&#8220;.vc_custom_1530091237396{padding-top: 90px !important;padding-bottom: 90px !important;}&#8220; z_index=&#8220;&#8220;][vc_column][vc_column_text]<\/p>\n<p class=\"p1\"><span class=\"s1\">Wir sind bestrebt, die optimalsten Dienstleistungen in der Fertigung von Teilen und im Service auf dem lokalen und den internationalen M\u00e4rkten zu erbringen.<\/span><\/p>\n<p>&nbsp;<\/p>\n<p class=\"p1\"><span class=\"s1\">Wir h\u00f6ren unseren Kunden aufmerksam zu, beraten sie, bem\u00fchen uns, vollst\u00e4ndig ihren Bed\u00fcrfnissen und Erwartungen zu entsprechen, und erstellen f\u00fcr jeden Kunden ein individuelles Angebots- und Dienstleistungspaket, das die h\u00f6chste Zuverl\u00e4ssigkeit gew\u00e4hrleistet. Wir tun alles, um unsere Dienstleistungen frist- und qualit\u00e4tsgerecht und m\u00f6glichst zum g\u00fcnstigsten Preis zu erbringen.<\/span><\/p>\n<p>[\/vc_column_text][\/vc_column][\/vc_row]<\/p>\n","protected":false},"excerpt":{"rendered":"<p>[vc_row css_animation=&#8220;&#8220; row_type=&#8220;row&#8220; use_row_as_full_screen_section=&#8220;no&#8220; type=&#8220;grid&#8220; angled_section=&#8220;no&#8220; text_align=&#8220;left&#8220; background_image_as_pattern=&#8220;without_pattern&#8220; background_color=&#8220;#e7bb09&#8243; z_index=&#8220;&#8220;][vc_column][vc_empty_space][vc_column_text] Geschichte [\/vc_column_text][vc_empty_space][\/vc_column][\/vc_row][vc_row css_animation=&#8220;&#8220; row_type=&#8220;row&#8220; use_row_as_full_screen_section=&#8220;no&#8220; type=&#8220;grid&#8220; angled_section=&#8220;no&#8220; text_align=&#8220;left&#8220; background_image_as_pattern=&#8220;without_pattern&#8220; css=&#8220;.vc_custom_1530091246676{padding-top: 90px !important;padding-bottom: 45px !important;}&#8220; z_index=&#8220;&#8220;][vc_column offset=&#8220;vc_col-lg-6 vc_col-md-6&#8243;][vc_column_text] Die UAB \u201eMitronas\u201c wurde 1998 in Kaunas gegr\u00fcndet. Im Jahr 2013 wurde der T\u00e4tigkeitsbereich ausgeweitet und das Unternehmen&#8230;<\/p>\n","protected":false},"author":1,"featured_media":0,"parent":0,"menu_order":0,"comment_status":"closed","ping_status":"closed","template":"full_width.php","meta":[],"_links":{"self":[{"href":"https:\/\/mitronasengineering.com\/de\/wp-json\/wp\/v2\/pages\/803"}],"collection":[{"href":"https:\/\/mitronasengineering.com\/de\/wp-json\/wp\/v2\/pages"}],"about":[{"href":"https:\/\/mitronasengineering.com\/de\/wp-json\/wp\/v2\/types\/page"}],"author":[{"embeddable":true,"href":"https:\/\/mitronasengineering.com\/de\/wp-json\/wp\/v2\/users\/1"}],"replies":[{"embeddable":true,"href":"https:\/\/mitronasengineering.com\/de\/wp-json\/wp\/v2\/comments?post=803"}],"version-history":[{"count":1,"href":"https:\/\/mitronasengineering.com\/de\/wp-json\/wp\/v2\/pages\/803\/revisions"}],"predecessor-version":[{"id":804,"href":"https:\/\/mitronasengineering.com\/de\/wp-json\/wp\/v2\/pages\/803\/revisions\/804"}],"wp:attachment":[{"href":"https:\/\/mitronasengineering.com\/de\/wp-json\/wp\/v2\/media?parent=803"}],"curies":[{"name":"wp","href":"https:\/\/api.w.org\/{rel}","templated":true}]}}